{"id":1105,"date":"2019-10-21T09:00:30","date_gmt":"2019-10-21T09:00:30","guid":{"rendered":"https:\/\/www.chiram.sk\/odstranenie-vrasok\/liecba-plamou\/"},"modified":"2019-12-16T14:22:23","modified_gmt":"2019-12-16T14:22:23","slug":"kezeles-plazmaval","status":"publish","type":"page","link":"https:\/\/www.chiram.sk\/hu\/esztetikai-sebeszet\/kezeles-plazmaval\/","title":{"rendered":"Kezel\u00e9s plazm\u00e1val"},"content":{"rendered":"\t\t<div data-elementor-type=\"wp-page\" data-elementor-id=\"1105\" class=\"elementor elementor-1105 elementor-381\" data-elementor-post-type=\"page\">\n\t\t\t\t\t\t<section class=\"elementor-section elementor-top-section elementor-element elementor-element-5aee02b6 elementor-section-content-top elementor-section-boxed elementor-section-height-default elementor-section-height-default\" data-id=\"5aee02b6\" data-element_type=\"section\" data-settings=\"{&quot;background_background&quot;:&quot;classic&quot;}\">\n\t\t\t\t\t\t<div class=\"elementor-container elementor-column-gap-default\">\n\t\t\t\t\t<div class=\"elementor-column elementor-col-66 elementor-top-column elementor-element elementor-element-41d40b2f\" data-id=\"41d40b2f\" data-element_type=\"column\">\n\t\t\t<div class=\"elementor-widget-wrap elementor-element-populated\">\n\t\t\t\t\t\t<div class=\"elementor-element elementor-element-371fc8d6 elementor-view-stacked elementor-shape-square elementor-widget__width-auto elementor-widget elementor-widget-icon\" data-id=\"371fc8d6\" data-element_type=\"widget\" data-widget_type=\"icon.default\">\n\t\t\t\t<div class=\"elementor-widget-container\">\n\t\t\t\t\t\t\t<div class=\"elementor-icon-wrapper\">\n\t\t\t<a class=\"elementor-icon\" href=\"\/hu\">\n\t\t\t<svg xmlns=\"http:\/\/www.w3.org\/2000\/svg\" width=\"26.542\" height=\"26.542\" viewBox=\"0 0 26.542 26.542\"><g id=\"Group_19\" data-name=\"Group 19\" transform=\"translate(-923.88 -150.989)\"><path id=\"Path_11\" data-name=\"Path 11\" d=\"M2484.619,133.728l25.834,25.835\" transform=\"translate(-1560.385 17.615)\" fill=\"none\" stroke=\"#fff\" stroke-width=\"1\"><\/path><path id=\"Path_12\" data-name=\"Path 12\" d=\"M0,0,25.835,25.835\" transform=\"translate(950.068 151.343) rotate(90)\" fill=\"none\" stroke=\"#fff\" stroke-width=\"1\"><\/path><\/g><\/svg>\t\t\t<\/a>\n\t\t<\/div>\n\t\t\t\t\t\t<\/div>\n\t\t\t\t<\/div>\n\t\t\t\t<div class=\"elementor-element elementor-element-59fdf72 text-white elementor-widget__width-auto elementor-widget elementor-widget-breadcrumbs\" data-id=\"59fdf72\" data-element_type=\"widget\" data-widget_type=\"breadcrumbs.default\">\n\t\t\t\t<div class=\"elementor-widget-container\">\n\t\t\t\t\t<p id=\"breadcrumbs\"><span><span><a href=\"https:\/\/www.chiram.sk\/hu\/\">Chiram<\/a><\/span><\/span><\/p>\t\t\t\t<\/div>\n\t\t\t\t<\/div>\n\t\t\t\t<section class=\"elementor-section elementor-inner-section elementor-element elementor-element-481b0440 elementor-section-boxed elementor-section-height-default elementor-section-height-default\" data-id=\"481b0440\" data-element_type=\"section\">\n\t\t\t\t\t\t<div class=\"elementor-container elementor-column-gap-wider\">\n\t\t\t\t\t<div class=\"elementor-column elementor-col-100 elementor-inner-column elementor-element elementor-element-68a3d092\" data-id=\"68a3d092\" data-element_type=\"column\" data-settings=\"{&quot;background_background&quot;:&quot;classic&quot;}\">\n\t\t\t<div class=\"elementor-widget-wrap elementor-element-populated\">\n\t\t\t\t\t\t<div class=\"elementor-element elementor-element-2fa3764 elementor-widget elementor-widget-heading\" data-id=\"2fa3764\" data-element_type=\"widget\" data-widget_type=\"heading.default\">\n\t\t\t\t<div class=\"elementor-widget-container\">\n\t\t\t\t\t<h1 class=\"elementor-heading-title elementor-size-default\">\u201eDrakula m\u00f3dszer\u201c<br><small>Gy\u00f3gykezel\u00e9s v\u00e9rlemezk\u00e9kben gazdag plazm\u00e1val<\/small><\/h1>\t\t\t\t<\/div>\n\t\t\t\t<\/div>\n\t\t\t\t<div class=\"elementor-element elementor-element-05e5932 elementor-widget-divider--view-line elementor-widget elementor-widget-divider\" data-id=\"05e5932\" data-element_type=\"widget\" data-widget_type=\"divider.default\">\n\t\t\t\t<div class=\"elementor-widget-container\">\n\t\t\t\t\t\t\t<div class=\"elementor-divider\">\n\t\t\t<span class=\"elementor-divider-separator\">\n\t\t\t\t\t\t<\/span>\n\t\t<\/div>\n\t\t\t\t\t\t<\/div>\n\t\t\t\t<\/div>\n\t\t\t\t<div class=\"elementor-element elementor-element-413a5c20 elementor-widget elementor-widget-text-editor\" data-id=\"413a5c20\" data-element_type=\"widget\" data-widget_type=\"text-editor.default\">\n\t\t\t\t<div class=\"elementor-widget-container\">\n\t\t\t\t\t\t\t\t\t<p>A v\u00e9rlemezk\u00e9kben gazdag plazm\u00e1val t\u00f6rt\u00e9n\u0151 kezel\u00e9s (PRP) egy modern elj\u00e1r\u00e1s a kezel\u00e9sek k\u00f6zt, bizonyos ortop\u00e9d \u00e9s b\u0151rbetegs\u00e9gek eset\u00e9n &#8211; a saj\u00e1t plazm\u00e1val val\u00f3 gy\u00f3gy\u00edt\u00e1s a (Drakula m\u00f3dszer\u201d) az autohemoter\u00e1pi\u00e1b\u00f3l fejl\u0151d\u00f6tt ki. A saj\u00e1t v\u00e9rrel val\u00f3 gy\u00f3gy\u00edt\u00e1s m\u00e1r t\u00f6bb mint 30 \u00e9ve haszn\u00e1latos a k\u00fcl\u00f6nf\u00e9le orvosi szakter\u00fcleteken.<\/p><p>Nyugat-Eur\u00f3p\u00e1ban \u00e9s D\u00e9l-Amerik\u00e1ban a PRP vagy S3 ter\u00e1pia m\u00e1r n\u00e9h\u00e1ny \u00e9ve m\u0171k\u00f6dik. A t\u00e9m\u00e1ban m\u00e1r rengeteg tudom\u00e1nyos munka ker\u00fclt publik\u00e1l\u00e1sra a gy\u00f3gyelj\u00e1r\u00e1s kiv\u00e1l\u00f3 hat\u00e1sair\u00f3l. Nem csoda, hogy a gazdag\u00edtott v\u00e9rplazm\u00e1k alkalmaz\u00e1sa egyre nagyobb \u00e9rdekl\u0151d\u00e9snek \u00f6rvend el\u0151kel\u0151 vil\u00e1gszint\u0171 specialist\u00e1k \u00e9s h\u00edress\u00e9gek k\u00f6r\u00e9ben, akik abszol\u00fat el\u0151nyben r\u00e9szes\u00edtik ezt az elj\u00e1r\u00e1st n\u00e9h\u00e1ny agressz\u00edvabb m\u00f3dszerrel szemben. A mai mozg\u00e1sszervi megbeteged\u00e9sek \u00e9s s\u00e9r\u00fcl\u00e9sek kezel\u00e9se sor\u00e1n (\u00edn, szalag, porc, izom \u00e9s ideg) a k\u00f6vetkez\u0151 ter\u00fcletekkel egy\u00fctt: nyak, h\u00e1t, v\u00e1ll, k\u00f6ny\u00f6k, csukl\u00f3 (k\u00e9z, cs\u00edp\u0151, t\u00e9rd, boka), l\u00e1b is haszn\u00e1lhat\u00f3.<\/p><p><strong>Ortop\u00e9diai-traumatol\u00f3giai haszn\u00e1lata:<\/strong><\/p><ul><li>\u00edngyullad\u00e1s, szalaggyullad\u00e1s, \u00edz\u00fcleti tok gyullad\u00e1sa<\/li><li>szalagszakad\u00e1s, reped\u00e9s, \u00edn<br \/>\u00edz\u00fcleti s\u00e9r\u00fcl\u00e9sek, porck\u00e1rosod\u00e1s (I-III. fokozat)<\/li><li>nem gyullad\u00e1sos \u00edz\u00fcleti megbeteged\u00e9s, \u00edz\u00fcleti f\u00e1jdalmak<\/li><li>t\u00e9rdmeniszkusz k\u00e1rosod\u00e1s korrekci\u00f3ja<\/li><li>akkut \u00e9s\/vagy kr\u00f3nikus izoms\u00e9r\u00fcl\u00e9s<\/li><li>t\u00e1mogat\u00f3 kezel\u00e9s m\u0171t\u00e9tek ut\u00e1n<\/li><\/ul><p><strong>Eszt\u00e9tikai vagy kozmetikai haszn\u00e1lata mag\u00e1ba foglalja:<\/strong><\/p><ul><li>a finom szem k\u00f6r\u00fcli r\u00e1ncok<\/li><li>a b\u00fcty\u00f6k vagy szem alatti karik\u00e1k<\/li><li>a sz\u00e1j, nyak, melkas \u00e9s dekolt\u00e1zs k\u00f6rny\u00e9ki r\u00e1ncok, orr-sz\u00e1j bar\u00e1zd\u00e1k, a k\u00e9z h\u00e1ts\u00f3 r\u00e9sze,<\/li><li>a f\u00fcl m\u00f6g\u00f6tti r\u00e9sz \u00e9s az arc ter\u00fcleteit<\/li><\/ul>\t\t\t\t\t\t\t\t<\/div>\n\t\t\t\t<\/div>\n\t\t\t\t<div class=\"elementor-element elementor-element-6af71a9 elementor-mobile-align-center elementor-widget elementor-widget-button\" data-id=\"6af71a9\" data-element_type=\"widget\" data-widget_type=\"button.default\">\n\t\t\t\t<div class=\"elementor-widget-container\">\n\t\t\t\t\t\t\t\t\t<div class=\"elementor-button-wrapper\">\n\t\t\t\t\t<a class=\"elementor-button elementor-button-link elementor-size-sm\" href=\"\/hu\/kapcsolat\">\n\t\t\t\t\t\t<span class=\"elementor-button-content-wrapper\">\n\t\t\t\t\t\t\t\t\t<span class=\"elementor-button-text\">L\u00c9PJEN KAPCSOLATBA VEL\u00dcNK<\/span>\n\t\t\t\t\t<\/span>\n\t\t\t\t\t<\/a>\n\t\t\t\t<\/div>\n\t\t\t\t\t\t\t\t<\/div>\n\t\t\t\t<\/div>\n\t\t\t\t\t<\/div>\n\t\t<\/div>\n\t\t\t\t\t<\/div>\n\t\t<\/section>\n\t\t\t\t\t<\/div>\n\t\t<\/div>\n\t\t\t\t<div class=\"elementor-column elementor-col-33 elementor-top-column elementor-element elementor-element-4342bc5b\" data-id=\"4342bc5b\" data-element_type=\"column\">\n\t\t\t<div class=\"elementor-widget-wrap elementor-element-populated\">\n\t\t\t\t\t\t<div class=\"elementor-element elementor-element-56f4e615 elementor-widget elementor-widget-spacer\" data-id=\"56f4e615\" data-element_type=\"widget\" data-widget_type=\"spacer.default\">\n\t\t\t\t<div class=\"elementor-widget-container\">\n\t\t\t\t\t\t\t<div class=\"elementor-spacer\">\n\t\t\t<div class=\"elementor-spacer-inner\"><\/div>\n\t\t<\/div>\n\t\t\t\t\t\t<\/div>\n\t\t\t\t<\/div>\n\t\t\t\t<section class=\"elementor-section elementor-inner-section elementor-element elementor-element-272434e elementor-section-boxed elementor-section-height-default elementor-section-height-default\" data-id=\"272434e\" data-element_type=\"section\">\n\t\t\t\t\t\t<div class=\"elementor-container elementor-column-gap-wide\">\n\t\t\t\t\t<div class=\"elementor-column elementor-col-100 elementor-inner-column elementor-element elementor-element-47a6845\" data-id=\"47a6845\" data-element_type=\"column\" data-settings=\"{&quot;background_background&quot;:&quot;classic&quot;}\">\n\t\t\t<div class=\"elementor-widget-wrap elementor-element-populated\">\n\t\t\t\t\t\t<div class=\"elementor-element elementor-element-35a2376 elementor-cta--skin-cover elementor-cta--valign-top recommend elementor-widget elementor-widget-global elementor-global-1152 elementor-widget-call-to-action\" data-id=\"35a2376\" data-element_type=\"widget\" data-widget_type=\"call-to-action.default\">\n\t\t\t\t<div class=\"elementor-widget-container\">\n\t\t\t\t\t\t\t<a class=\"elementor-cta\" href=\"\/hu\/esztetikai-sebeszet\/kezeles-plazmaval\/\">\n\t\t\t\t\t<div class=\"elementor-cta__bg-wrapper\">\n\t\t\t\t<div class=\"elementor-cta__bg elementor-bg\" style=\"background-image: url(\/wp-content\/uploads\/2019\/09\/cunc3-670x.png);\" role=\"img\" aria-label=\"cunc3-670x\"><\/div>\n\t\t\t\t<div class=\"elementor-cta__bg-overlay\"><\/div>\n\t\t\t<\/div>\n\t\t\t\t\t\t\t<div class=\"elementor-cta__content\">\n\t\t\t\t\n\t\t\t\t\t\t\t\t\t<h3 class=\"elementor-cta__title elementor-cta__content-item elementor-content-item\">\n\t\t\t\t\t\tGy\u00f3gykezel\u00e9s v\u00e9rlemezk\u00e9kben <br> gazdag plazm\u00e1val\t\t\t\t\t<\/h3>\n\t\t\t\t\n\t\t\t\t\n\t\t\t\t\t\t\t\t\t<div class=\"elementor-cta__button-wrapper elementor-cta__content-item elementor-content-item \">\n\t\t\t\t\t<span class=\"elementor-cta__button elementor-button elementor-size-xs\">\n\t\t\t\t\t\tb\u0151vebb inf\u00f3\t\t\t\t\t<\/span>\n\t\t\t\t\t<\/div>\n\t\t\t\t\t\t\t<\/div>\n\t\t\t\t\t\t<\/a>\n\t\t\t\t\t\t<\/div>\n\t\t\t\t<\/div>\n\t\t\t\t<div class=\"elementor-element elementor-element-957231a elementor-cta--skin-cover elementor-cta--valign-top recommend elementor-widget elementor-widget-global elementor-global-1161 elementor-widget-call-to-action\" data-id=\"957231a\" data-element_type=\"widget\" data-widget_type=\"call-to-action.default\">\n\t\t\t\t<div class=\"elementor-widget-container\">\n\t\t\t\t\t\t\t<a class=\"elementor-cta\" href=\"\/hu\/esztetikai-sebeszet\/botox\/\">\n\t\t\t\t\t<div class=\"elementor-cta__bg-wrapper\">\n\t\t\t\t<div class=\"elementor-cta__bg elementor-bg\" style=\"background-image: url(\/wp-content\/uploads\/2019\/09\/OSCYQT0.png);\" role=\"img\" aria-label=\"OSCYQT0\"><\/div>\n\t\t\t\t<div class=\"elementor-cta__bg-overlay\"><\/div>\n\t\t\t<\/div>\n\t\t\t\t\t\t\t<div class=\"elementor-cta__content\">\n\t\t\t\t\n\t\t\t\t\t\t\t\t\t<h3 class=\"elementor-cta__title elementor-cta__content-item elementor-content-item\">\n\t\t\t\t\t\tR\u00e1ncokt\u00f3l \u00e9s extr\u00e9m izzad\u00e1st\u00f3l val\u00f3 megszabadul\u00e1s<br>botulotoxin <br>eg\u00edts\u00e9g\u00e9vel\t\t\t\t\t<\/h3>\n\t\t\t\t\n\t\t\t\t\n\t\t\t\t\t\t\t\t\t<div class=\"elementor-cta__button-wrapper elementor-cta__content-item elementor-content-item \">\n\t\t\t\t\t<span class=\"elementor-cta__button elementor-button elementor-size-xs\">\n\t\t\t\t\t\tb\u0151vebb inf\u00f3\t\t\t\t\t<\/span>\n\t\t\t\t\t<\/div>\n\t\t\t\t\t\t\t<\/div>\n\t\t\t\t\t\t<\/a>\n\t\t\t\t\t\t<\/div>\n\t\t\t\t<\/div>\n\t\t\t\t<div class=\"elementor-element elementor-element-738ee16 elementor-cta--skin-cover elementor-cta--valign-top recommend elementor-widget elementor-widget-global elementor-global-1173 elementor-widget-call-to-action\" data-id=\"738ee16\" data-element_type=\"widget\" data-widget_type=\"call-to-action.default\">\n\t\t\t\t<div class=\"elementor-widget-container\">\n\t\t\t\t\t\t\t<a class=\"elementor-cta\" href=\"\/hu\/fotofinder\/\">\n\t\t\t\t\t<div class=\"elementor-cta__bg-wrapper\">\n\t\t\t\t<div class=\"elementor-cta__bg elementor-bg\" style=\"background-image: url(\/wp-content\/uploads\/2024\/04\/FotoFinder_medicam1000.png);\" role=\"img\" aria-label=\"FotoFinder_medicam1000\"><\/div>\n\t\t\t\t<div class=\"elementor-cta__bg-overlay\"><\/div>\n\t\t\t<\/div>\n\t\t\t\t\t\t\t<div class=\"elementor-cta__content\">\n\t\t\t\t\n\t\t\t\t\t\t\t\t\t<h3 class=\"elementor-cta__title elementor-cta__content-item elementor-content-item\">\n\t\t\t\t\t\tAnyajegy \u00e1llapotfelm\u00e9r\u00e9s<br>FotoFinder BodyStudio\t\t\t\t\t<\/h3>\n\t\t\t\t\n\t\t\t\t\n\t\t\t\t\t\t\t\t\t<div class=\"elementor-cta__button-wrapper elementor-cta__content-item elementor-content-item \">\n\t\t\t\t\t<span class=\"elementor-cta__button elementor-button elementor-size-xs\">\n\t\t\t\t\t\tb\u0151vebb inf\u00f3\t\t\t\t\t<\/span>\n\t\t\t\t\t<\/div>\n\t\t\t\t\t\t\t<\/div>\n\t\t\t\t\t\t<\/a>\n\t\t\t\t\t\t<\/div>\n\t\t\t\t<\/div>\n\t\t\t\t<div class=\"elementor-element elementor-element-ceac9f9 elementor-cta--skin-cover elementor-cta--valign-top recommend elementor-widget elementor-widget-global elementor-global-1185 elementor-widget-call-to-action\" data-id=\"ceac9f9\" data-element_type=\"widget\" data-widget_type=\"call-to-action.default\">\n\t\t\t\t<div class=\"elementor-widget-container\">\n\t\t\t\t\t\t\t<a class=\"elementor-cta\" href=\"\/hu\/egynapos-sebeszet\/viszer-diagnosztika-es-gyogyitas\/\">\n\t\t\t\t\t<div class=\"elementor-cta__bg-wrapper\">\n\t\t\t\t<div class=\"elementor-cta__bg elementor-bg\" style=\"background-image: url(\/wp-content\/uploads\/2024\/04\/laser.png);\" role=\"img\" aria-label=\"laser\"><\/div>\n\t\t\t\t<div class=\"elementor-cta__bg-overlay\"><\/div>\n\t\t\t<\/div>\n\t\t\t\t\t\t\t<div class=\"elementor-cta__content\">\n\t\t\t\t\n\t\t\t\t\t\t\t\t\t<h3 class=\"elementor-cta__title elementor-cta__content-item elementor-content-item\">\n\t\t\t\t\t\tKr\u00f3nikus v\u00e9n\u00e1s betegs\u00e9g<br>korszer\u0171 ultrahangos<br>kezel\u00e9se\t\t\t\t\t<\/h3>\n\t\t\t\t\n\t\t\t\t\n\t\t\t\t\t\t\t\t\t<div class=\"elementor-cta__button-wrapper elementor-cta__content-item elementor-content-item \">\n\t\t\t\t\t<span class=\"elementor-cta__button elementor-button elementor-size-xs\">\n\t\t\t\t\t\tb\u0151vebb inf\u00f3\t\t\t\t\t<\/span>\n\t\t\t\t\t<\/div>\n\t\t\t\t\t\t\t<\/div>\n\t\t\t\t\t\t<\/a>\n\t\t\t\t\t\t<\/div>\n\t\t\t\t<\/div>\n\t\t\t\t<div class=\"elementor-element elementor-element-4cd2d6e elementor-cta--skin-cover elementor-cta--valign-top recommend elementor-widget elementor-widget-global elementor-global-1188 elementor-widget-call-to-action\" data-id=\"4cd2d6e\" data-element_type=\"widget\" data-widget_type=\"call-to-action.default\">\n\t\t\t\t<div class=\"elementor-widget-container\">\n\t\t\t\t\t\t\t<a class=\"elementor-cta\" href=\"\/hu\/egynapos-sebeszet\/\">\n\t\t\t\t\t<div class=\"elementor-cta__bg-wrapper\">\n\t\t\t\t<div class=\"elementor-cta__bg elementor-bg\" style=\"background-image: url(\/wp-content\/uploads\/2019\/09\/Group-32.png);\" role=\"img\" aria-label=\"Group 32\"><\/div>\n\t\t\t\t<div class=\"elementor-cta__bg-overlay\"><\/div>\n\t\t\t<\/div>\n\t\t\t\t\t\t\t<div class=\"elementor-cta__content\">\n\t\t\t\t\n\t\t\t\t\t\t\t\t\t<h3 class=\"elementor-cta__title elementor-cta__content-item elementor-content-item\">\n\t\t\t\t\t\tSeb\u00e9szeti betegs\u00e9gek \u00e9s<br>s\u00e9r\u00fcl\u00e9sek<br>szakmai ell\u00e1t\u00e1sa \t\t\t\t\t<\/h3>\n\t\t\t\t\n\t\t\t\t\n\t\t\t\t\t\t\t\t\t<div class=\"elementor-cta__button-wrapper elementor-cta__content-item elementor-content-item \">\n\t\t\t\t\t<span class=\"elementor-cta__button elementor-button elementor-size-xs\">\n\t\t\t\t\t\tb\u0151vebb inf\u00f3\t\t\t\t\t<\/span>\n\t\t\t\t\t<\/div>\n\t\t\t\t\t\t\t<\/div>\n\t\t\t\t\t\t<\/a>\n\t\t\t\t\t\t<\/div>\n\t\t\t\t<\/div>\n\t\t\t\t\t<\/div>\n\t\t<\/div>\n\t\t\t\t\t<\/div>\n\t\t<\/section>\n\t\t\t\t\t<\/div>\n\t\t<\/div>\n\t\t\t\t\t<\/div>\n\t\t<\/section>\n\t\t\t\t<\/div>\n\t\t","protected":false},"excerpt":{"rendered":"<p>\u201eDrakula m\u00f3dszer\u201c Gy\u00f3gykezel\u00e9s v\u00e9rlemezk\u00e9kben gazdag plazm\u00e1val A v\u00e9rlemezk\u00e9kben gazdag plazm\u00e1val t\u00f6rt\u00e9n\u0151 kezel\u00e9s (PRP) egy modern elj\u00e1r\u00e1s a kezel\u00e9sek k\u00f6zt, bizonyos ortop\u00e9d \u00e9s b\u0151rbetegs\u00e9gek eset\u00e9n &#8211; a saj\u00e1t plazm\u00e1val val\u00f3 gy\u00f3gy\u00edt\u00e1s &#8230;<\/p>\n","protected":false},"author":1,"featured_media":0,"parent":1099,"menu_order":0,"comment_status":"closed","ping_status":"closed","template":"elementor_header_footer","meta":{"footnotes":""},"tags":[],"class_list":["post-1105","page","type-page","status-publish","hentry"],"yoast_head":"<!-- This site is optimized with the Yoast SEO plugin v24.6 - https:\/\/yoast.com\/wordpress\/plugins\/seo\/ -->\n<title>Kezel\u00e9s plazm\u00e1val | CHIRAM<\/title>\n<meta name=\"description\" content=\"A saj\u00e1t plazm\u00e1val val\u00f3 gy\u00f3gy\u00edt\u00e1s a (Drakula m\u00f3dszer\u201d) az autohemoter\u00e1pi\u00e1b\u00f3l fejl\u0151d\u00f6tt ki. A saj\u00e1t v\u00e9rrel val\u00f3 gy\u00f3gy\u00edt\u00e1s m\u00e1r t\u00f6bb mint 30 \u00e9ve haszn\u00e1latos a k\u00fcl\u00f6nf\u00e9le orvosi szakter\u00fcleteken.\" \/>\n<meta name=\"robots\" content=\"index, follow, max-snippet:-1, max-image-preview:large, max-video-preview:-1\" \/>\n<link rel=\"canonical\" href=\"https:\/\/www.chiram.sk\/hu\/esztetikai-sebeszet\/kezeles-plazmaval\/\" \/>\n<meta property=\"og:locale\" content=\"hu_HU\" \/>\n<meta property=\"og:type\" content=\"article\" \/>\n<meta property=\"og:title\" content=\"Kezel\u00e9s plazm\u00e1val | CHIRAM\" \/>\n<meta property=\"og:description\" content=\"A saj\u00e1t plazm\u00e1val val\u00f3 gy\u00f3gy\u00edt\u00e1s a (Drakula m\u00f3dszer\u201d) az autohemoter\u00e1pi\u00e1b\u00f3l fejl\u0151d\u00f6tt ki. A saj\u00e1t v\u00e9rrel val\u00f3 gy\u00f3gy\u00edt\u00e1s m\u00e1r t\u00f6bb mint 30 \u00e9ve haszn\u00e1latos a k\u00fcl\u00f6nf\u00e9le orvosi szakter\u00fcleteken.\" \/>\n<meta property=\"og:url\" content=\"https:\/\/www.chiram.sk\/hu\/esztetikai-sebeszet\/kezeles-plazmaval\/\" \/>\n<meta property=\"og:site_name\" content=\"CHIRAM\" \/>\n<meta property=\"article:modified_time\" content=\"2019-12-16T14:22:23+00:00\" \/>\n<meta property=\"og:image\" content=\"https:\/\/www.chiram.sk\/wp-content\/uploads\/2024\/04\/OG_image_chiram.jpg\" \/>\n\t<meta property=\"og:image:width\" content=\"1200\" \/>\n\t<meta property=\"og:image:height\" content=\"630\" \/>\n\t<meta property=\"og:image:type\" content=\"image\/jpeg\" \/>\n<meta name=\"twitter:card\" content=\"summary_large_image\" \/>\n<meta name=\"twitter:label1\" content=\"Becs\u00fclt olvas\u00e1si id\u0151\" \/>\n\t<meta name=\"twitter:data1\" content=\"2 perc\" \/>\n<script type=\"application\/ld+json\" class=\"yoast-schema-graph\">{\"@context\":\"https:\/\/schema.org\",\"@graph\":[{\"@type\":\"WebPage\",\"@id\":\"https:\/\/www.chiram.sk\/hu\/esztetikai-sebeszet\/kezeles-plazmaval\/\",\"url\":\"https:\/\/www.chiram.sk\/hu\/esztetikai-sebeszet\/kezeles-plazmaval\/\",\"name\":\"Kezel\u00e9s plazm\u00e1val | CHIRAM\",\"isPartOf\":{\"@id\":\"https:\/\/www.chiram.sk\/hu\/#website\"},\"datePublished\":\"2019-10-21T09:00:30+00:00\",\"dateModified\":\"2019-12-16T14:22:23+00:00\",\"description\":\"A saj\u00e1t plazm\u00e1val val\u00f3 gy\u00f3gy\u00edt\u00e1s a (Drakula m\u00f3dszer\u201d) az autohemoter\u00e1pi\u00e1b\u00f3l fejl\u0151d\u00f6tt ki. A saj\u00e1t v\u00e9rrel val\u00f3 gy\u00f3gy\u00edt\u00e1s m\u00e1r t\u00f6bb mint 30 \u00e9ve haszn\u00e1latos a k\u00fcl\u00f6nf\u00e9le orvosi szakter\u00fcleteken.\",\"breadcrumb\":{\"@id\":\"https:\/\/www.chiram.sk\/hu\/esztetikai-sebeszet\/kezeles-plazmaval\/#breadcrumb\"},\"inLanguage\":\"hu\",\"potentialAction\":[{\"@type\":\"ReadAction\",\"target\":[\"https:\/\/www.chiram.sk\/hu\/esztetikai-sebeszet\/kezeles-plazmaval\/\"]}]},{\"@type\":\"BreadcrumbList\",\"@id\":\"https:\/\/www.chiram.sk\/hu\/esztetikai-sebeszet\/kezeles-plazmaval\/#breadcrumb\",\"itemListElement\":[{\"@type\":\"ListItem\",\"position\":1,\"name\":\"Chiram\",\"item\":\"https:\/\/www.chiram.sk\/hu\/\"},{\"@type\":\"ListItem\",\"position\":2,\"name\":\"Eszt\u00e9tikai seb\u00e9szet\",\"item\":\"https:\/\/www.chiram.sk\/hu\/esztetikai-sebeszet\/\"},{\"@type\":\"ListItem\",\"position\":3,\"name\":\"Kezel\u00e9s plazm\u00e1val\"}]},{\"@type\":\"WebSite\",\"@id\":\"https:\/\/www.chiram.sk\/hu\/#website\",\"url\":\"https:\/\/www.chiram.sk\/hu\/\",\"name\":\"CHIRAM\",\"description\":\"Chirurgick\u00e1 ambulancia v Kom\u00e1rne\",\"publisher\":{\"@id\":\"https:\/\/www.chiram.sk\/hu\/#organization\"},\"potentialAction\":[{\"@type\":\"SearchAction\",\"target\":{\"@type\":\"EntryPoint\",\"urlTemplate\":\"https:\/\/www.chiram.sk\/hu\/?s={search_term_string}\"},\"query-input\":{\"@type\":\"PropertyValueSpecification\",\"valueRequired\":true,\"valueName\":\"search_term_string\"}}],\"inLanguage\":\"hu\"},{\"@type\":\"Organization\",\"@id\":\"https:\/\/www.chiram.sk\/hu\/#organization\",\"name\":\"CHIRAM\",\"url\":\"https:\/\/www.chiram.sk\/hu\/\",\"logo\":{\"@type\":\"ImageObject\",\"inLanguage\":\"hu\",\"@id\":\"https:\/\/www.chiram.sk\/hu\/#\/schema\/logo\/image\/\",\"url\":\"\/wp-content\/uploads\/2019\/09\/surgery-logo.svg\",\"contentUrl\":\"\/wp-content\/uploads\/2019\/09\/surgery-logo.svg\",\"width\":1,\"height\":1,\"caption\":\"CHIRAM\"},\"image\":{\"@id\":\"https:\/\/www.chiram.sk\/hu\/#\/schema\/logo\/image\/\"}}]}<\/script>\n<!-- \/ Yoast SEO plugin. -->","yoast_head_json":{"title":"Kezel\u00e9s plazm\u00e1val | CHIRAM","description":"A saj\u00e1t plazm\u00e1val val\u00f3 gy\u00f3gy\u00edt\u00e1s a (Drakula m\u00f3dszer\u201d) az autohemoter\u00e1pi\u00e1b\u00f3l fejl\u0151d\u00f6tt ki. A saj\u00e1t v\u00e9rrel val\u00f3 gy\u00f3gy\u00edt\u00e1s m\u00e1r t\u00f6bb mint 30 \u00e9ve haszn\u00e1latos a k\u00fcl\u00f6nf\u00e9le orvosi szakter\u00fcleteken.","robots":{"index":"index","follow":"follow","max-snippet":"max-snippet:-1","max-image-preview":"max-image-preview:large","max-video-preview":"max-video-preview:-1"},"canonical":"https:\/\/www.chiram.sk\/hu\/esztetikai-sebeszet\/kezeles-plazmaval\/","og_locale":"hu_HU","og_type":"article","og_title":"Kezel\u00e9s plazm\u00e1val | CHIRAM","og_description":"A saj\u00e1t plazm\u00e1val val\u00f3 gy\u00f3gy\u00edt\u00e1s a (Drakula m\u00f3dszer\u201d) az autohemoter\u00e1pi\u00e1b\u00f3l fejl\u0151d\u00f6tt ki. A saj\u00e1t v\u00e9rrel val\u00f3 gy\u00f3gy\u00edt\u00e1s m\u00e1r t\u00f6bb mint 30 \u00e9ve haszn\u00e1latos a k\u00fcl\u00f6nf\u00e9le orvosi szakter\u00fcleteken.","og_url":"https:\/\/www.chiram.sk\/hu\/esztetikai-sebeszet\/kezeles-plazmaval\/","og_site_name":"CHIRAM","article_modified_time":"2019-12-16T14:22:23+00:00","og_image":[{"width":1200,"height":630,"url":"https:\/\/www.chiram.sk\/wp-content\/uploads\/2024\/04\/OG_image_chiram.jpg","type":"image\/jpeg"}],"twitter_card":"summary_large_image","twitter_misc":{"Becs\u00fclt olvas\u00e1si id\u0151":"2 perc"},"schema":{"@context":"https:\/\/schema.org","@graph":[{"@type":"WebPage","@id":"https:\/\/www.chiram.sk\/hu\/esztetikai-sebeszet\/kezeles-plazmaval\/","url":"https:\/\/www.chiram.sk\/hu\/esztetikai-sebeszet\/kezeles-plazmaval\/","name":"Kezel\u00e9s plazm\u00e1val | CHIRAM","isPartOf":{"@id":"https:\/\/www.chiram.sk\/hu\/#website"},"datePublished":"2019-10-21T09:00:30+00:00","dateModified":"2019-12-16T14:22:23+00:00","description":"A saj\u00e1t plazm\u00e1val val\u00f3 gy\u00f3gy\u00edt\u00e1s a (Drakula m\u00f3dszer\u201d) az autohemoter\u00e1pi\u00e1b\u00f3l fejl\u0151d\u00f6tt ki. A saj\u00e1t v\u00e9rrel val\u00f3 gy\u00f3gy\u00edt\u00e1s m\u00e1r t\u00f6bb mint 30 \u00e9ve haszn\u00e1latos a k\u00fcl\u00f6nf\u00e9le orvosi szakter\u00fcleteken.","breadcrumb":{"@id":"https:\/\/www.chiram.sk\/hu\/esztetikai-sebeszet\/kezeles-plazmaval\/#breadcrumb"},"inLanguage":"hu","potentialAction":[{"@type":"ReadAction","target":["https:\/\/www.chiram.sk\/hu\/esztetikai-sebeszet\/kezeles-plazmaval\/"]}]},{"@type":"BreadcrumbList","@id":"https:\/\/www.chiram.sk\/hu\/esztetikai-sebeszet\/kezeles-plazmaval\/#breadcrumb","itemListElement":[{"@type":"ListItem","position":1,"name":"Chiram","item":"https:\/\/www.chiram.sk\/hu\/"},{"@type":"ListItem","position":2,"name":"Eszt\u00e9tikai seb\u00e9szet","item":"https:\/\/www.chiram.sk\/hu\/esztetikai-sebeszet\/"},{"@type":"ListItem","position":3,"name":"Kezel\u00e9s plazm\u00e1val"}]},{"@type":"WebSite","@id":"https:\/\/www.chiram.sk\/hu\/#website","url":"https:\/\/www.chiram.sk\/hu\/","name":"CHIRAM","description":"Chirurgick\u00e1 ambulancia v Kom\u00e1rne","publisher":{"@id":"https:\/\/www.chiram.sk\/hu\/#organization"},"potentialAction":[{"@type":"SearchAction","target":{"@type":"EntryPoint","urlTemplate":"https:\/\/www.chiram.sk\/hu\/?s={search_term_string}"},"query-input":{"@type":"PropertyValueSpecification","valueRequired":true,"valueName":"search_term_string"}}],"inLanguage":"hu"},{"@type":"Organization","@id":"https:\/\/www.chiram.sk\/hu\/#organization","name":"CHIRAM","url":"https:\/\/www.chiram.sk\/hu\/","logo":{"@type":"ImageObject","inLanguage":"hu","@id":"https:\/\/www.chiram.sk\/hu\/#\/schema\/logo\/image\/","url":"\/wp-content\/uploads\/2019\/09\/surgery-logo.svg","contentUrl":"\/wp-content\/uploads\/2019\/09\/surgery-logo.svg","width":1,"height":1,"caption":"CHIRAM"},"image":{"@id":"https:\/\/www.chiram.sk\/hu\/#\/schema\/logo\/image\/"}}]}},"_links":{"self":[{"href":"https:\/\/www.chiram.sk\/hu\/wp-json\/wp\/v2\/pages\/1105","targetHints":{"allow":["GET"]}}],"collection":[{"href":"https:\/\/www.chiram.sk\/hu\/wp-json\/wp\/v2\/pages"}],"about":[{"href":"https:\/\/www.chiram.sk\/hu\/wp-json\/wp\/v2\/types\/page"}],"author":[{"embeddable":true,"href":"https:\/\/www.chiram.sk\/hu\/wp-json\/wp\/v2\/users\/1"}],"replies":[{"embeddable":true,"href":"https:\/\/www.chiram.sk\/hu\/wp-json\/wp\/v2\/comments?post=1105"}],"version-history":[{"count":0,"href":"https:\/\/www.chiram.sk\/hu\/wp-json\/wp\/v2\/pages\/1105\/revisions"}],"up":[{"embeddable":true,"href":"https:\/\/www.chiram.sk\/hu\/wp-json\/wp\/v2\/pages\/1099"}],"wp:attachment":[{"href":"https:\/\/www.chiram.sk\/hu\/wp-json\/wp\/v2\/media?parent=1105"}],"wp:term":[{"taxonomy":"post_tag","embeddable":true,"href":"https:\/\/www.chiram.sk\/hu\/wp-json\/wp\/v2\/tags?post=1105"}],"curies":[{"name":"wp","href":"https:\/\/api.w.org\/{rel}","templated":true}]}}